{"id":111,"date":"2024-02-01T19:38:08","date_gmt":"2024-02-01T18:38:08","guid":{"rendered":"https:\/\/anthofer-optik.de\/?page_id=111"},"modified":"2025-03-29T17:25:32","modified_gmt":"2025-03-29T16:25:32","slug":"impressum","status":"publish","type":"page","link":"https:\/\/anthofer-optik.de\/?page_id=111","title":{"rendered":"Impressum"},"content":{"rendered":"\n<p><strong>Angaben gem\u00e4\u00df \u00a7 5 TMG:<\/strong><\/p>\n\n\n\n<p>Georg Anthofer<br>Augenoptikermeister<br>Abensberger Stra\u00dfe 8<br>84048 Mainburg<\/p>\n\n\n\n<p style=\"padding-top:0;padding-bottom:0\"><strong>Kontakt:<\/strong><br>Telefon: 08751\/61100<br>E-Mail:&nbsp;<a href=\"mailto:anthofer-optik@t-online.de\">anthofer-optik@t-online.de<\/a><\/p>\n\n\n\n<p style=\"padding-top:0;padding-bottom:0\"><strong>Umsatzsteuer-ID:<\/strong><br>Umsatzsteuer-Identifikationsnummer gem\u00e4\u00df <br>\u00a727 a Umsatzsteuergesetz: DE185437320<br><br><strong>Berufsbezeichnung und berufsrechtliche Regelungen:<\/strong><\/p>\n\n\n\n<p style=\"margin-top:0;margin-bottom:0;padding-right:0;padding-left:0\">Berufsbezeichnung: Augenoptikermeister<br>Zust\u00e4ndige Kammer: Handwerkskammer: Niederbayern, Oberpfalz\/ Passau<br>Verliehen durch: Deutschland, Bayern<\/p>\n\n\n\n<p>Es gelten folgende berufsrechtliche Regelungen: Handwerksordnung (HWO) in der jeweils g\u00fcltigen Fassung<br>Regelungen einsehbar unter:&nbsp;<a href=\"http:\/\/www.bundesrecht.juris.de\/\" target=\"_blank\" rel=\"noreferrer noopener\">http:\/\/www.bundesrecht.juris.de<\/a><\/p>\n\n\n\n<p><strong>Angaben zur Berufshaftpflichtversicherung<\/strong><br>Name und Sitz des Versicherers:<br>Versicherungskammer Bayern &#8211;<br>Versicherungsmanagement Fischer &amp; Thoma GbR<br>Freisinger Str. 12<br>84048 Mainburg<br>Geltungsraum der Versicherung: Deutschland<\/p>\n\n\n\n<p><strong>Quellenangaben&nbsp;f\u00fcr die verwendeten Bilder:<\/strong><br>S\u00e4mtliche Fotos wurden erstellt von&nbsp;Optik Anthofer<br>Quelle Impressum und Disclaimer:&nbsp;<a href=\"http:\/\/www.e-recht24.de\/\" target=\"_blank\" rel=\"noreferrer noopener\">www.e-recht24.de<\/a><br>Quelle Datenschutz: <a href=\"http:\/\/www.datenschutz-generator.de\">www.datenschutz-generator.de<\/a><\/p>\n\n\n\n<p><strong>Streitschlichtung<\/strong><br>Die Europ\u00e4ische Kommission stellt eine Plattform zur Online-Streitbeilegung (OS) bereit:&nbsp;<a href=\"https:\/\/ec.europa.eu\/consumers\/odr\" target=\"_blank\" rel=\"noreferrer noopener\">https:\/\/ec.europa.eu\/consumers\/odr<\/a>.<br>Unsere E-Mail-Adresse finden Sie oben im Impressum.<\/p>\n\n\n\n<p>Wir sind nicht bereit oder verpflichtet, an Streitbeilegungsverfahren vor einer Verbraucherschlichtungsstelle teilzunehmen.<\/p>\n\n\n\n<p><strong>Haftung f\u00fcr Inhalte<\/strong><br>Als Diensteanbieter sind wir gem\u00e4\u00df \u00a7 7 Abs.1 TMG f\u00fcr eigene Inhalte auf diesen Seiten nach den allgemeinen Gesetzen verantwortlich. Nach \u00a7\u00a7 8 bis 10 TMG sind wir als Diensteanbieter jedoch nicht verpflichtet, \u00fcbermittelte oder gespeicherte fremde Informationen zu \u00fcberwachen oder nach Umst\u00e4nden zu forschen, die auf eine rechtswidrige T\u00e4tigkeit hinweisen.<\/p>\n\n\n\n<p>Verpflichtungen zur Entfernung oder Sperrung der Nutzung von Informationen nach den allgemeinen Gesetzen bleiben hiervon unber\u00fchrt. Eine diesbez\u00fcgliche Haftung ist jedoch erst ab dem Zeitpunkt der Kenntnis einer konkreten Rechtsverletzung m\u00f6glich. Bei Bekanntwerden von entsprechenden Rechtsverletzungen werden wir diese Inhalte umgehend entfernen.<\/p>\n\n\n\n<p><strong>Haftung f\u00fcr Links<\/strong><br>Unser Angebot enth\u00e4lt Links zu externen Websites Dritter, auf deren Inhalte wir keinen Einfluss haben. Deshalb k\u00f6nnen wir f\u00fcr diese fremden Inhalte auch keine Gew\u00e4hr \u00fcbernehmen. F\u00fcr die Inhalte der verlinkten Seiten ist stets der jeweilige Anbieter oder Betreiber der Seiten verantwortlich. Die verlinkten Seiten wurden zum Zeitpunkt der Verlinkung auf m\u00f6gliche Rechtsverst\u00f6\u00dfe \u00fcberpr\u00fcft. Rechtswidrige Inhalte waren zum Zeitpunkt der Verlinkung nicht erkennbar.<\/p>\n\n\n\n<p>Eine permanente inhaltliche Kontrolle der verlinkten Seiten ist jedoch ohne konkrete Anhaltspunkte einer Rechtsverletzung nicht zumutbar. Bei Bekanntwerden von Rechtsverletzungen werden wir derartige Links umgehend entfernen.<\/p>\n\n\n\n<p><strong>Urheberrecht<\/strong><br>Die durch die Seitenbetreiber erstellten Inhalte und Werke auf diesen Seiten unterliegen dem deutschen Urheberrecht. Die Vervielf\u00e4ltigung, Bearbeitung, Verbreitung und jede Art der Verwertung au\u00dferhalb der Grenzen des Urheberrechtes bed\u00fcrfen der schriftlichen Zustimmung des jeweiligen Autors bzw. Erstellers. Downloads und Kopien dieser Seite sind nur f\u00fcr den privaten, nicht kommerziellen Gebrauch gestattet.<\/p>\n\n\n\n<p>Soweit die Inhalte auf dieser Seite nicht vom Betreiber erstellt wurden, werden die Urheberrechte Dritter beachtet. Insbesondere werden Inhalte Dritter als solche gekennzeichnet. Sollten Sie trotzdem auf eine Urheberrechtsverletzung aufmerksam werden, bitten wir um einen entsprechenden Hinweis. Bei Bekanntwerden von Rechtsverletzungen werden wir derartige Inhalte umgehend entfernen.<\/p>\n","protected":false},"excerpt":{"rendered":"<p>Angaben gem\u00e4\u00df \u00a7 5 TMG: Georg AnthoferAugenoptikermeisterAbensberger Stra\u00dfe 884048 Mainburg Kontakt:Telefon: 08751\/61100E-Mail:&nbsp;anthofer-optik@t-online.de Umsatzsteuer-ID:Umsatzsteuer-Identifikationsnummer gem\u00e4\u00df \u00a727 a Umsatzsteuergesetz: DE185437320 Berufsbezeichnung und berufsrechtliche Regelungen: Berufsbezeichnung: AugenoptikermeisterZust\u00e4ndige Kammer: Handwerkskammer: Niederbayern, Oberpfalz\/ PassauVerliehen durch: Deutschland, Bayern Es gelten folgende berufsrechtliche Regelungen: Handwerksordnung (HWO) in der jeweils g\u00fcltigen FassungRegelungen einsehbar unter:&nbsp;http:\/\/www.bundesrecht.juris.de Angaben zur BerufshaftpflichtversicherungName und Sitz des Versicherers:Versicherungskammer Bayern &#8211;Versicherungsmanagement [&hellip;]<\/p>\n","protected":false},"author":1,"featured_media":0,"parent":0,"menu_order":0,"comment_status":"closed","ping_status":"closed","template":"","meta":{"footnotes":""},"yoast_head":"<!-- This site is optimized with the Yoast SEO plugin v21.5 - https:\/\/yoast.com\/wordpress\/plugins\/seo\/ -->\n<title>Impressum - Home<\/title>\n<meta name=\"robots\" content=\"index, follow, max-snippet:-1, max-image-preview:large, max-video-preview:-1\" \/>\n<link rel=\"canonical\" href=\"https:\/\/anthofer-optik.de\/?page_id=111\" \/>\n<meta property=\"og:locale\" content=\"de_DE\" \/>\n<meta property=\"og:type\" content=\"article\" \/>\n<meta property=\"og:title\" content=\"Impressum - Home\" \/>\n<meta property=\"og:description\" content=\"Angaben gem\u00e4\u00df \u00a7 5 TMG: Georg AnthoferAugenoptikermeisterAbensberger Stra\u00dfe 884048 Mainburg Kontakt:Telefon: 08751\/61100E-Mail:&nbsp;anthofer-optik@t-online.de Umsatzsteuer-ID:Umsatzsteuer-Identifikationsnummer gem\u00e4\u00df \u00a727 a Umsatzsteuergesetz: DE185437320 Berufsbezeichnung und berufsrechtliche Regelungen: Berufsbezeichnung: AugenoptikermeisterZust\u00e4ndige Kammer: Handwerkskammer: Niederbayern, Oberpfalz\/ PassauVerliehen durch: Deutschland, Bayern Es gelten folgende berufsrechtliche Regelungen: Handwerksordnung (HWO) in der jeweils g\u00fcltigen FassungRegelungen einsehbar unter:&nbsp;http:\/\/www.bundesrecht.juris.de Angaben zur BerufshaftpflichtversicherungName und Sitz des Versicherers:Versicherungskammer Bayern &#8211;Versicherungsmanagement [&hellip;]\" \/>\n<meta property=\"og:url\" content=\"https:\/\/anthofer-optik.de\/?page_id=111\" \/>\n<meta property=\"og:site_name\" content=\"Home\" \/>\n<meta property=\"article:publisher\" content=\"https:\/\/www.facebook.com\/OptikAnthofer\" \/>\n<meta property=\"article:modified_time\" content=\"2025-03-29T16:25:32+00:00\" \/>\n<meta name=\"twitter:card\" content=\"summary_large_image\" \/>\n<meta name=\"twitter:label1\" content=\"Gesch\u00e4tzte Lesezeit\" \/>\n\t<meta name=\"twitter:data1\" content=\"3 Minuten\" \/>\n<script type=\"application\/ld+json\" class=\"yoast-schema-graph\">{\"@context\":\"https:\/\/schema.org\",\"@graph\":[{\"@type\":\"WebPage\",\"@id\":\"https:\/\/anthofer-optik.de\/?page_id=111\",\"url\":\"https:\/\/anthofer-optik.de\/?page_id=111\",\"name\":\"Impressum - Home\",\"isPartOf\":{\"@id\":\"https:\/\/anthofer-optik.de\/#website\"},\"datePublished\":\"2024-02-01T18:38:08+00:00\",\"dateModified\":\"2025-03-29T16:25:32+00:00\",\"breadcrumb\":{\"@id\":\"https:\/\/anthofer-optik.de\/?page_id=111#breadcrumb\"},\"inLanguage\":\"de-DE\",\"potentialAction\":[{\"@type\":\"ReadAction\",\"target\":[\"https:\/\/anthofer-optik.de\/?page_id=111\"]}]},{\"@type\":\"BreadcrumbList\",\"@id\":\"https:\/\/anthofer-optik.de\/?page_id=111#breadcrumb\",\"itemListElement\":[{\"@type\":\"ListItem\",\"position\":1,\"name\":\"Startseite\",\"item\":\"https:\/\/anthofer-optik.de\/\"},{\"@type\":\"ListItem\",\"position\":2,\"name\":\"Impressum\"}]},{\"@type\":\"WebSite\",\"@id\":\"https:\/\/anthofer-optik.de\/#website\",\"url\":\"https:\/\/anthofer-optik.de\/\",\"name\":\"Optik Anthofer\",\"description\":\"Optik Anthofer\",\"publisher\":{\"@id\":\"https:\/\/anthofer-optik.de\/#organization\"},\"potentialAction\":[{\"@type\":\"SearchAction\",\"target\":{\"@type\":\"EntryPoint\",\"urlTemplate\":\"https:\/\/anthofer-optik.de\/?s={search_term_string}\"},\"query-input\":\"required name=search_term_string\"}],\"inLanguage\":\"de-DE\"},{\"@type\":\"Organization\",\"@id\":\"https:\/\/anthofer-optik.de\/#organization\",\"name\":\"Optik Anthofer\",\"url\":\"https:\/\/anthofer-optik.de\/\",\"logo\":{\"@type\":\"ImageObject\",\"inLanguage\":\"de-DE\",\"@id\":\"https:\/\/anthofer-optik.de\/#\/schema\/logo\/image\/\",\"url\":\"https:\/\/anthofer-optik.de\/wp-content\/uploads\/2023\/11\/Header-OA.jpg\",\"contentUrl\":\"https:\/\/anthofer-optik.de\/wp-content\/uploads\/2023\/11\/Header-OA.jpg\",\"width\":600,\"height\":231,\"caption\":\"Optik Anthofer\"},\"image\":{\"@id\":\"https:\/\/anthofer-optik.de\/#\/schema\/logo\/image\/\"},\"sameAs\":[\"https:\/\/www.facebook.com\/OptikAnthofer\",\"https:\/\/www.instagram.com\/optikanthofer\/?hl=en\"]}]}<\/script>\n<!-- \/ Yoast SEO plugin. -->","yoast_head_json":{"title":"Impressum - Home","robots":{"index":"index","follow":"follow","max-snippet":"max-snippet:-1","max-image-preview":"max-image-preview:large","max-video-preview":"max-video-preview:-1"},"canonical":"https:\/\/anthofer-optik.de\/?page_id=111","og_locale":"de_DE","og_type":"article","og_title":"Impressum - Home","og_description":"Angaben gem\u00e4\u00df \u00a7 5 TMG: Georg AnthoferAugenoptikermeisterAbensberger Stra\u00dfe 884048 Mainburg Kontakt:Telefon: 08751\/61100E-Mail:&nbsp;anthofer-optik@t-online.de Umsatzsteuer-ID:Umsatzsteuer-Identifikationsnummer gem\u00e4\u00df \u00a727 a Umsatzsteuergesetz: DE185437320 Berufsbezeichnung und berufsrechtliche Regelungen: Berufsbezeichnung: AugenoptikermeisterZust\u00e4ndige Kammer: Handwerkskammer: Niederbayern, Oberpfalz\/ PassauVerliehen durch: Deutschland, Bayern Es gelten folgende berufsrechtliche Regelungen: Handwerksordnung (HWO) in der jeweils g\u00fcltigen FassungRegelungen einsehbar unter:&nbsp;http:\/\/www.bundesrecht.juris.de Angaben zur BerufshaftpflichtversicherungName und Sitz des Versicherers:Versicherungskammer Bayern &#8211;Versicherungsmanagement [&hellip;]","og_url":"https:\/\/anthofer-optik.de\/?page_id=111","og_site_name":"Home","article_publisher":"https:\/\/www.facebook.com\/OptikAnthofer","article_modified_time":"2025-03-29T16:25:32+00:00","twitter_card":"summary_large_image","twitter_misc":{"Gesch\u00e4tzte Lesezeit":"3 Minuten"},"schema":{"@context":"https:\/\/schema.org","@graph":[{"@type":"WebPage","@id":"https:\/\/anthofer-optik.de\/?page_id=111","url":"https:\/\/anthofer-optik.de\/?page_id=111","name":"Impressum - Home","isPartOf":{"@id":"https:\/\/anthofer-optik.de\/#website"},"datePublished":"2024-02-01T18:38:08+00:00","dateModified":"2025-03-29T16:25:32+00:00","breadcrumb":{"@id":"https:\/\/anthofer-optik.de\/?page_id=111#breadcrumb"},"inLanguage":"de-DE","potentialAction":[{"@type":"ReadAction","target":["https:\/\/anthofer-optik.de\/?page_id=111"]}]},{"@type":"BreadcrumbList","@id":"https:\/\/anthofer-optik.de\/?page_id=111#breadcrumb","itemListElement":[{"@type":"ListItem","position":1,"name":"Startseite","item":"https:\/\/anthofer-optik.de\/"},{"@type":"ListItem","position":2,"name":"Impressum"}]},{"@type":"WebSite","@id":"https:\/\/anthofer-optik.de\/#website","url":"https:\/\/anthofer-optik.de\/","name":"Optik Anthofer","description":"Optik Anthofer","publisher":{"@id":"https:\/\/anthofer-optik.de\/#organization"},"potentialAction":[{"@type":"SearchAction","target":{"@type":"EntryPoint","urlTemplate":"https:\/\/anthofer-optik.de\/?s={search_term_string}"},"query-input":"required name=search_term_string"}],"inLanguage":"de-DE"},{"@type":"Organization","@id":"https:\/\/anthofer-optik.de\/#organization","name":"Optik Anthofer","url":"https:\/\/anthofer-optik.de\/","logo":{"@type":"ImageObject","inLanguage":"de-DE","@id":"https:\/\/anthofer-optik.de\/#\/schema\/logo\/image\/","url":"https:\/\/anthofer-optik.de\/wp-content\/uploads\/2023\/11\/Header-OA.jpg","contentUrl":"https:\/\/anthofer-optik.de\/wp-content\/uploads\/2023\/11\/Header-OA.jpg","width":600,"height":231,"caption":"Optik Anthofer"},"image":{"@id":"https:\/\/anthofer-optik.de\/#\/schema\/logo\/image\/"},"sameAs":["https:\/\/www.facebook.com\/OptikAnthofer","https:\/\/www.instagram.com\/optikanthofer\/?hl=en"]}]}},"_links":{"self":[{"href":"https:\/\/anthofer-optik.de\/index.php?rest_route=\/wp\/v2\/pages\/111"}],"collection":[{"href":"https:\/\/anthofer-optik.de\/index.php?rest_route=\/wp\/v2\/pages"}],"about":[{"href":"https:\/\/anthofer-optik.de\/index.php?rest_route=\/wp\/v2\/types\/page"}],"author":[{"embeddable":true,"href":"https:\/\/anthofer-optik.de\/index.php?rest_route=\/wp\/v2\/users\/1"}],"replies":[{"embeddable":true,"href":"https:\/\/anthofer-optik.de\/index.php?rest_route=%2Fwp%2Fv2%2Fcomments&post=111"}],"version-history":[{"count":8,"href":"https:\/\/anthofer-optik.de\/index.php?rest_route=\/wp\/v2\/pages\/111\/revisions"}],"predecessor-version":[{"id":136,"href":"https:\/\/anthofer-optik.de\/index.php?rest_route=\/wp\/v2\/pages\/111\/revisions\/136"}],"wp:attachment":[{"href":"https:\/\/anthofer-optik.de\/index.php?rest_route=%2Fwp%2Fv2%2Fmedia&parent=111"}],"curies":[{"name":"wp","href":"https:\/\/api.w.org\/{rel}","templated":true}]}}